{"id":30,"date":"2013-09-24T16:28:27","date_gmt":"2013-09-24T15:28:27","guid":{"rendered":"http:\/\/www.pol.hr\/?page_id=30"},"modified":"2013-09-30T17:58:30","modified_gmt":"2013-09-30T16:58:30","slug":"nastupi-za-pamcenje","status":"publish","type":"page","link":"http:\/\/www.pol.hr\/index.php\/nastupi-za-pamcenje","title":{"rendered":"Nastupi za pam\u0107enje"},"content":{"rendered":"<p>Iako je svaki nastup va\u017ean i poseban, ima nekoliko nastupa koji su zaslu\u017eili poseban spomen. To su povijesni nastupi orkestra, doma\u0107i i me\u0111unarodni uspjesi na koje su \u010dlanovi orkestra iznimno ponosni<\/p>\n<p><strong>Lipanj 2010<\/strong>.\u00a0Sa skladbom \"Limena glazba\" Puha\u010dki orkestar Lovran nastupa na festivalu MIK 2010 zajedno sa Du\u0161kom i Silvanom Jeli\u010di\u0107 i tako sa raspjevanom mikovskom karavanom obilazi sve gradove u kojima je festival gostovao, promoviraju\u0107i Lovran i \"Lovransku glazbu\" od Istre do Krka.<\/p>\n<p><strong>Srpanj 2009.\u00a0<\/strong>Trube, bubnjevi i ostali instrumenti u rukama \u010dlanova Puha\u010dkog orkestra Lovran stvarali su jedinstvenu atmosferu s tribina dvorane \u017datika u Pore\u010du na Davis Cup susretu teniskih reprezentacija\u00a0 Hrvatske i SAD-a. Rezultat? Naravno, pobjeda Hrvatske 3:2.<\/p>\n<p><strong>Lipanj 2008.<\/strong>\u00a0\u010clanovi Puha\u010dkog orkestra Lovran su imali \u010dast svirati u Vatikanu, na op\u0107oj audijenciji kod Pape Benedikta XVI., gdje se na Trgu svetog Petra pred tisu\u0107ama vjernika iz cijelog svijeta promovirala hrvatska glazba.<\/p>\n<p><strong>2007. godine<\/strong>\u00a0lovranski puha\u010di nastupaju s velikanima\u00a0 hrvatske pop glazbe Gibonnijem i Oliverom Dragojevi\u0107em u pulskoj Areni pred nekoliko tisu\u0107a ljudi. Na valentinovo iste godine nastupili su kao gosti na Gibonnijevom koncertu za Valentinovo u Dvorani mladosti u Rijeci.<\/p>\n<p><strong>Velja\u010da 2006.<\/strong>\u00a0Nakon nekoliko godina stanke, Puha\u010dki orkestar Lovran je ponovno sudjelovao na karnevalu u Nici (Francuska).<\/p>\n<p><strong>O\u017eujak 2005.<\/strong> Hrvatska radio televizija snimila je dokumentarni film o Puha\u010dkom orkestru Lovran koji je prikazan krajem 2005. u udarnom terminu na HRT 1. Taj videozapis predstavlja trajni dokument o jednoj generaciji glazbenika, radu orkestra i internog te\u010daja, ali i o privatnim \u017eivotima \u010dlanova.<\/p>\n<p><strong>Rujan 2004.\u00a0<\/strong>Zajedno s UHDDR Lovran \u010dlanovi orkestra posjetili su Gospi\u0107 s kojima obi\u0161li ista mjesta kao i ratne 1993. te odali po\u010dast palim borcima za samostalnost Republike Hrvatske<\/p>\n<p><strong>Rujan 2004.<\/strong>\u00a0Orkestar, kao dugogodi\u0161nji promicatelj glazbe s festivala Melodije Istre i Kvarnera, sudjeluje na ve\u010deri retrospektive MIK-a odr\u017eane u HKD-u na Su\u0161aku u Rijeci.<\/p>\n<p><strong>Kolovoz 2003.\u00a0<\/strong>Orkestar je u Iloku posjetio g. Ivana Hodoli\u0107a, prognanika Domovinskog rata, koji je za vrijeme svog boravka u Lovranu svirao u orkestru. Ivan se po povratku u rodni Ilok opet po\u010deo baviti glazbom i radi na okupljanju glazbenika za ponovni osnutak tamo\u0161njeg glazbenog dru\u0161tva. Ovaj posjet bio je rezultat prijateljstva koje se izme\u0111u prognanika i Lovranaca stvorilo u te\u0161kim ratnim vremenima.<\/p>\n<p><strong>O\u017eujak 2002.<\/strong> Orkestar je odr\u017eao dvosatni koncert koji je u\u017eivo preno\u0161en na drugom programu Hrvatskoga Radija u sklopu serijala Do\u017eivjeti glazbu.<\/p>\n<p><strong>2002.\u00a0godine<\/strong> ostvaren je i jedan poseban nastup \"na daljinu\". Naime, CD Puha\u010dkog orkestra Lovran se nekoliko tjedana vrtio u vrlo slu\u0161anoj emisiji o Big Band glazbi na Capetown radiju u Ju\u017enoafri\u010dkoj Republici. Kako je tamo dospio? Duga je to pri\u010da...<\/p>\n<p><strong>Rujan 2001.<\/strong>\u00a0Orkestar je prigodnim koncertom na kojem su izvedeni klasici brazilske glazbe uz plesa\u010de capoeire otvorio mjesec Brazila i brazilske kulture pod nazivom \"Noite do Brasil\" u klubu Aquarius u Zagrebu. A kad ti Brazilci \u010destitaju, onda to ne\u0161to i zna\u010di...<\/p>\n<p><strong>Rujan 2000.<\/strong>\u00a0U sklopu posjete Bleibur\u0161kom sajmu (najstarijem sajmu obrtni\u0161tva u srednjoj Europi) \u010dlanovi orkestra su posjetili sam grad Bleiburg i spomen podru\u010dje bleibur\u0161kim \u017ertvama.<\/p>\n<p><strong>Svibanj 2000.<\/strong> Na Susretima puha\u010dkim orkestra Istre u Buzetu Puha\u010dki orkestar Lovran je po prvi puta izveo skladbu koja je uklju\u010divala tradicionalne istarske instrumente: sopile, \u0161urle i mih. Radilo se o skladbi \"Na tanko i debelo\" koja je na najbolji na\u010din ispunila jedan od glavnih ciljeva istarskih susreta, a to je promocija istarskog melosa, tradicionalnih skladbi i istarske ljestvice.<\/p>\n<p><strong>1997. i 1998.<\/strong> Lovranski orkestar je zajedno s opatijskim Ma\u017eori-timom dvije godine za redom predstavljao boje Liburnije i Hrvatske na jednom od najve\u0107ih karnevala na svijetu - karneval u Nici u Francuskoj. Naporne kilometarske parade, spavanje u Saint Tropezu, borba cvije\u0107a, no\u0107ne uli\u010dne fe\u0161te i totalna organiziranost, ostat \u0107e svima u nezaboravna uspomena.<\/p>\n<p><strong>1997. i 1998.<\/strong>\u00a0Na dva gostovanja na me\u0111unarodnom festivalu Europarade u francuskom Villefranche de Rouergue Puha\u010dki orkestar Lovran osvojio je Grand Prix publike za ukupni dojam.<\/p>\n<p><strong>1996.<\/strong> Nakon te\u0161kog probijanja do dr\u017eavnog prvenstva, lovranski orkestar osvojio je najvi\u0161e bodova u A kategoriji na dr\u017eavnom natjecanju puha\u010dkih orkestara u Petrinji i time osvojio laskavu titulu najboljeg puha\u010dkog orkestra u Hrvatskoj za godinu\u00a01996.\/1997. Silbanski Tanac skladba je koju \u0107e mnogi \u010dlanovi pamtiti...<\/p>\n<p><strong>1995.<\/strong> Kao rezervni vojni orkestar vojnog nastavnog sredi\u0161ta Muzil u Puli, orkestar je sudjelovao na vojnoj paradi povodom dana Republike na Jarunu. Izme\u0111u tenkova, podmornica, aviona, kamiona i raketa na\u0161ao se i Puha\u010dki orkestar Lovran.<\/p>\n<p><strong>Travanj 1992<\/strong>. Kako bi oraspolo\u017eili vojnike na prvoj crti boji\u0161nice u Gospi\u0107u (od kojih su mnogi bili iz Lovrana, a neki i \u010dlanovi lovranskog orkestra) glazbenici iz Puha\u010dkog orkestra Lovran obi\u0161li su ljude u Gospi\u0107u te tamo napravili koncert za prisutne.<\/p>\n","protected":false},"excerpt":{"rendered":"<p>Iako je svaki nastup va\u017ean i poseban, ima nekoliko nastupa koji su zaslu\u017eili poseban spomen. To su povijesni nastupi orkestra, doma\u0107i i me\u0111unarodni uspjesi na koje su \u010dlanovi orkestra iznimno ponosni Lipanj 2010.\u00a0Sa skladbom \"Limena glazba\" Puha\u010dki orkestar Lovran nastupa na festivalu MIK 2010 zajedno sa Du\u0161kom i Silvanom Jeli\u010di\u0107 i tako sa raspjevanom mikovskom <a class=\"read-more\" href=\"http:\/\/www.pol.hr\/index.php\/nastupi-za-pamcenje\">...continue reading <span class=\"meta-nav\">&rarr;<\/span><\/a><\/p>\n","protected":false},"author":1,"featured_media":0,"parent":0,"menu_order":0,"comment_status":"closed","ping_status":"closed","template":"","meta":{"footnotes":""},"class_list":["post-30","page","type-page","status-publish","hentry"],"_links":{"self":[{"href":"http:\/\/www.pol.hr\/index.php\/wp-json\/wp\/v2\/pages\/30","targetHints":{"allow":["GET"]}}],"collection":[{"href":"http:\/\/www.pol.hr\/index.php\/wp-json\/wp\/v2\/pages"}],"about":[{"href":"http:\/\/www.pol.hr\/index.php\/wp-json\/wp\/v2\/types\/page"}],"author":[{"embeddable":true,"href":"http:\/\/www.pol.hr\/index.php\/wp-json\/wp\/v2\/users\/1"}],"replies":[{"embeddable":true,"href":"http:\/\/www.pol.hr\/index.php\/wp-json\/wp\/v2\/comments?post=30"}],"version-history":[{"count":3,"href":"http:\/\/www.pol.hr\/index.php\/wp-json\/wp\/v2\/pages\/30\/revisions"}],"predecessor-version":[{"id":84,"href":"http:\/\/www.pol.hr\/index.php\/wp-json\/wp\/v2\/pages\/30\/revisions\/84"}],"wp:attachment":[{"href":"http:\/\/www.pol.hr\/index.php\/wp-json\/wp\/v2\/media?parent=30"}],"curies":[{"name":"wp","href":"https:\/\/api.w.org\/{rel}","templated":true}]}}