{"id":41,"date":"2013-09-24T16:33:01","date_gmt":"2013-09-24T15:33:01","guid":{"rendered":"http:\/\/www.pol.hr\/?page_id=41"},"modified":"2013-09-30T17:44:59","modified_gmt":"2013-09-30T16:44:59","slug":"festival-nas-svijet-je-glazba","status":"publish","type":"page","link":"http:\/\/www.pol.hr\/index.php\/festival-nas-svijet-je-glazba","title":{"rendered":"Festival Na\u0161 svijet je Glazba"},"content":{"rendered":"<p>Pod motom \"Na\u0161 svijet je glazba\" odvija se jedan od najve\u0107ih projekata orkestra u proteklih dvadesetak godina. Svake godine na\u0161 orkestar organizira i ugo\u0161\u0107uje nekoliko istaknutih orkestara iz regije Alpe-Adria, koji se okupljaju prvi vikend u svibnju da bi predstavili sebe, svoju regiju i dr\u017eavu kako doma\u0107im slu\u0161ateljima tako i inozemnim gostima koji borave na Liburniji.<\/p>\n<p>Ovaj trodnevni festival zami\u0161ljen je kao promocija glazbe i ljepota Liburnijske rivijere gostuju\u0107im glazbenicima, \u0161to predstavlja va\u017ean doga\u0111aj u turisti\u010dkoj predsezoni. Po jedan gostuju\u0107i orkestar iz svake dr\u017eave uz doma\u0107ina kroz svoje uniforme (no\u0161nje), glazbeni izri\u010daj i na druge na\u010dine predstave svoj kraj. Zato se na koncertima isprepli\u0107u temperamentnost \u010darda\u0161a i muzikalnost opernih arija, poletnost polki i grandioznost valcera.<\/p>\n<p>Ideja je nastala sasvim slu\u010dajno, kada je 1991. godine orkestar iz talijanskog grada Lavariana bio u gostima kod lovranskog orkestra te izme\u0111u ostalog imao i koncert u Kristalnoj dvorani hotela Kvarner u Opatiji. G. Harald Reiff, voditelj jednog austrijskog orkestra i zaljubljenik u Liburniju do\u0161ao je s prijedlogom da se takav susret pro\u0161iri na vi\u0161e gostuju\u0107ih orkestara iz susjednih zemalja i da se gala koncert svih sudionika odr\u017ei upravo u Kristalnoj dvorani. Zahvaljuju\u0107i op\u0107ini Lovran, Gradu Opatiji i turisti\u010dkim zajednicama Opatije i Lovrana, koji odmah shvatili potencijal na\u0161eg Festivala te ga svake godine financijski pokrivaju.\u00a0 1993. godine je odr\u017eano prvo izdanje festivala \"Na\u0161 svijet je glazba\". Od tada do danas festival je posjetilo te dalo koncerte za gra\u0111anstvo i goste nekoliko tisu\u0107a\u00a0 glazbenika iz inozemstva, vrativ\u0161i se ku\u0107i puni puni dojmova i lijepih uspomena s liburnijske rivijere.<\/p>\n<p>2001. godine je do\u0161lo do promjene u koncepciji sredi\u0161njeg koncerta. Villa Angiolina, prva gra\u0111evina turisti\u010dke namjene obnovljena je, te je odlu\u010deno iskoristiti njeno stepeni\u0161te i okolni park, a gala ve\u010der pretvoriti u popodnevni koncert za goste i \u0161eta\u010de. Park Angiolina je uvijek prepun ljubitelja glazbe, a prirodni ambijent u kojem se \u0161um povjetarca mije\u0161a sa zvukom valova samo upotpunjuje ugo\u0111aj.<\/p>\n<p>Sudionici festivala se publici predstavljaju petak uve\u010der u Lovranu na gradskom trgu gdje odr\u017ee kratke koncerte. Subota je rezervirana za razgled regije (brodom\/autobusom), a popodne se odr\u017eava gala koncert svih sudionika i doma\u0107ina u Opatiji, ispred Ville Angioline. U nedjelju se u jutarnjim satima odr\u017eava mimohod glavnom opatijskom ulicom uz skupni nastup zajedni\u010dkih kora\u010dnica na kupali\u0161tu Slatina. Svi orkestri izvode zajedno po jednu kora\u010dnicu iz svake dr\u017eave, \u010dime postaju jedan veliki orkestar od oko 150-200 glazbenika. Potom se u Lovranu odr\u017eava zajedni\u010dki mimohod gdje se glazbenici ponovno izmije\u0161aju u jedan \u0161areni internacionalni orkestar prolaze\u0107i tako glavnom lovranskom ulicom sve do\u00a0 zavr\u0161nog zajedni\u010dkog nastupa na lovranskom Trgu slobode.<\/p>\n<p>Dugoro\u010dni plan za budu\u0107nost je u festival uklju\u010diti \u0161to ve\u0107i broj orkestara iz zemalja EU, \u010dime bi postao Europski festival puha\u010dkih orkestara \"Na\u0161 svijet je glazba\".<\/p>\n","protected":false},"excerpt":{"rendered":"<p>Pod motom \"Na\u0161 svijet je glazba\" odvija se jedan od najve\u0107ih projekata orkestra u proteklih dvadesetak godina. Svake godine na\u0161 orkestar organizira i ugo\u0161\u0107uje nekoliko istaknutih orkestara iz regije Alpe-Adria, koji se okupljaju prvi vikend u svibnju da bi predstavili sebe, svoju regiju i dr\u017eavu kako doma\u0107im slu\u0161ateljima tako i inozemnim gostima koji borave na <a class=\"read-more\" href=\"http:\/\/www.pol.hr\/index.php\/festival-nas-svijet-je-glazba\">...continue reading <span class=\"meta-nav\">&rarr;<\/span><\/a><\/p>\n","protected":false},"author":1,"featured_media":0,"parent":0,"menu_order":0,"comment_status":"closed","ping_status":"closed","template":"","meta":{"footnotes":""},"class_list":["post-41","page","type-page","status-publish","hentry"],"_links":{"self":[{"href":"http:\/\/www.pol.hr\/index.php\/wp-json\/wp\/v2\/pages\/41","targetHints":{"allow":["GET"]}}],"collection":[{"href":"http:\/\/www.pol.hr\/index.php\/wp-json\/wp\/v2\/pages"}],"about":[{"href":"http:\/\/www.pol.hr\/index.php\/wp-json\/wp\/v2\/types\/page"}],"author":[{"embeddable":true,"href":"http:\/\/www.pol.hr\/index.php\/wp-json\/wp\/v2\/users\/1"}],"replies":[{"embeddable":true,"href":"http:\/\/www.pol.hr\/index.php\/wp-json\/wp\/v2\/comments?post=41"}],"version-history":[{"count":2,"href":"http:\/\/www.pol.hr\/index.php\/wp-json\/wp\/v2\/pages\/41\/revisions"}],"predecessor-version":[{"id":79,"href":"http:\/\/www.pol.hr\/index.php\/wp-json\/wp\/v2\/pages\/41\/revisions\/79"}],"wp:attachment":[{"href":"http:\/\/www.pol.hr\/index.php\/wp-json\/wp\/v2\/media?parent=41"}],"curies":[{"name":"wp","href":"https:\/\/api.w.org\/{rel}","templated":true}]}}