{"id":43,"date":"2013-09-24T16:34:30","date_gmt":"2013-09-24T15:34:30","guid":{"rendered":"http:\/\/www.pol.hr\/?page_id=43"},"modified":"2013-09-30T17:43:51","modified_gmt":"2013-09-30T16:43:51","slug":"prosla-izdanja","status":"publish","type":"page","link":"http:\/\/www.pol.hr\/index.php\/prosla-izdanja","title":{"rendered":"Pro\u0161la izdanja"},"content":{"rendered":"<p>Sudionici Me\u0111unarodnog festivala puha\u010dkih orkestara po godinama:<\/p>\n<p><strong>04.-06.05.2012.<\/strong><\/p>\n<ul>\n<li>Balatonf\u00fcredi Koncert f\u00fav\u00f3s zenekar, Hungary<\/li>\n<li>Pihalni orkester Marezige, Slovenia<\/li>\n<li>Olek orkestar - Janow Lubelski, Poland<\/li>\n<\/ul>\n<p><strong>06.-08.05.2011.<\/strong><\/p>\n<ul>\n<li>Banda Musicale\u00a0Citt\u00e0 di Staffolo, Italia<\/li>\n<li>K\u00f6szeg v\u00e1ros F\u00fav\u00f3zenekara, Hungary<\/li>\n<li>Pihalni orkester Kapele, Slovenia<\/li>\n<\/ul>\n<p><strong>07.-09.05.2010.<\/strong><\/p>\n<ul>\n<li>M\u00f3rahalmi Alapfok\u00fa M\u0171v\u00e9szeti Iskola F\u00fav\u00f3szenekara, Hungary<\/li>\n<li>Associazione filarmonica\u00a0Coneglianese, Italia<\/li>\n<li>Pihalni orkester Tr\u017ei\u010d, Slovenia<\/li>\n<\/ul>\n<p><strong>01.-03.05.2009.<\/strong><\/p>\n<ul>\n<li>Filarmonica \u00abGiuseppe Verdi\u00bb\u00a0- Lavariano, Italia<\/li>\n<li>Dru\u0161tvo Gori\u0161ki Pihalni Orkester\u00a0- Nova Gorica, Slovenia<\/li>\n<li>M\u00f3ri F\u00fav\u00f3szenei Egyes\u00fclet\u00a0- Mor, Hungary<\/li>\n<li>Musikverein Gest\u0171t Piber\u00a0- K\u0151flach, Austria<\/li>\n<\/ul>\n<p><strong>02.-04.05.2008.<\/strong><\/p>\n<ul>\n<li>Balatonf\u00fcredi Koncert f\u00fav\u00f3s zenekar, Hungary<\/li>\n<li>Filarmonica \u00abRoberto Pomili\u00bb\u00a0Castelnuovo di Porto Rim, Italia<\/li>\n<li>Pihalni orkester Marezige, Slovenia<\/li>\n<\/ul>\n<p><strong>04.-06.05.2007.<\/strong><\/p>\n<ul>\n<li>K\u00f6szeg v\u00e1ros F\u00fav\u00f3zenekara, Hungary<\/li>\n<li>Blasmusikkapelle\u00a0Kirchschlag, Austria<\/li>\n<li>Eichhofner Dorfmusik, Germany<\/li>\n<\/ul>\n<p><strong>05.-07.05.2006.<\/strong><\/p>\n<ul>\n<li>Bart\u00f3k B\u00e9la Zeneiskola \u00e9s M\u0171v\u00e9szeti Iskola, Budapest, Hungary<\/li>\n<li>Associazione filarmonica Coneglianese, Italia<\/li>\n<li>Schlosskapelle\u00a0Neuhaus, Austria<\/li>\n<li>Pihalni orkester Vogrsko, Slovenia<\/li>\n<\/ul>\n<p><strong>13.-15.05.2005.<\/strong><\/p>\n<ul>\n<li>M\u00f3ri F\u00fav\u00f3szenei Egyes\u00fclet, Hungary<\/li>\n<li>Corpo Bandistico \u00abG. Savoi\u00bb\u00a0Palazzuolo sul Senio, Firenze, Italia<\/li>\n<li>Pihalni orkester Kapele, Slovenia<\/li>\n<\/ul>\n<p><strong>07.-09.05.2004.<\/strong><\/p>\n<ul>\n<li>Balatonf\u00fcredi Koncert f\u00fav\u00f3s zenekar, Hungary<\/li>\n<li>Filarmonica \u00abG. Verdi\u00bb\u00a0di Lecco Milano, Italia<\/li>\n<\/ul>\n<p><strong>09.-11.05.2003.<\/strong><\/p>\n<ul>\n<li>Bud\u00e1f\u00f3ki F\u00favos Egylet, Budapest, Hungary<\/li>\n<li>Corpo bandistico citta di Minerbio - Bologna, Italia<\/li>\n<\/ul>\n<p><strong>10.-12.05.2002.<\/strong><\/p>\n<ul>\n<li>Sz\u00e1zhalombattai F\u00fav\u00f3szenekar, Hungary<\/li>\n<li>Pihalni orkester Marezige, Slovenia<\/li>\n<\/ul>\n<p><strong>11.-13.05.2001.<\/strong><\/p>\n<ul>\n<li>Banda sociale di Storo, Italia<\/li>\n<li>Balatonf\u00fcredi Koncert f\u00fav\u00f3s zenekar, Hungary<\/li>\n<li>Pihalni orkester Kapele, Slovenia<\/li>\n<\/ul>\n<p><strong>12.-14.05.2000.<\/strong><\/p>\n<ul>\n<li>Associazione filarmonica di Lecco\u00a0Milano, Italia<\/li>\n<li>M\u00f3rahalmi Alapfok\u00fa M\u0171v\u00e9szeti Iskola F\u00fav\u00f3szenekara, Hungary<\/li>\n<\/ul>\n<p><strong>07.-09.05.1999.<\/strong><\/p>\n<ul>\n<li>Associazione filarmonica Coneglianese, Italia<\/li>\n<li>Ajkai f\u00fav\u00f3s zenekar, Hungary<\/li>\n<\/ul>\n<p><strong>08.-10.05.1998.<\/strong><\/p>\n<p>Corpo Bandistico \u00abG. Savoi\u00bb\u00a0Palazzuolo sul Senio, Firenze, Italia<\/p>\n<ul>\n<li>K\u00f6szeg v\u00e1ros F\u00fav\u00f3zenekara, Hungary<\/li>\n<li>Marktmusikkapelle\u00a0Gamlitz, Austria<\/li>\n<\/ul>\n<p><strong>09.-11.05.1997.<\/strong><\/p>\n<ul>\n<li>Associazione filarmonica Piosasco\u00a0Torino, Italia<\/li>\n<li>Balatonf\u00fcredi Koncert f\u00fav\u00f3s zenekar, Hungary<\/li>\n<\/ul>\n<p><strong>10.-12.05.1996.<\/strong><\/p>\n<ul>\n<li>Corpo Bandistico \u00abG. Savoi\u00bb\u00a0Palazzuolo sul Senio, Firenze, Italia<\/li>\n<li>Pihalni orkester Kapele, Slovenija<\/li>\n<li>Bud\u00e1f\u00f3ki Fuvos Egylet, Budapest, Hungary<\/li>\n<\/ul>\n<p><strong>12.-14.05.1995.<\/strong><\/p>\n<ul>\n<li>Filarmonica \u00abLeonardo Linda\u00bb\u00a0Nogaredo di Prato (UD), Italia<\/li>\n<li>Godba na pihala KUD \u00abSvoboda\u00bb\u00a0La\u0161ko, Slovenia<\/li>\n<li>Eisenbahner Musikverein Graz, Austria<\/li>\n<\/ul>\n<p><strong>07.-08.05.1994<\/strong>.<\/p>\n<ul>\n<li>Filarmonica \u00abGiuseppe Verdi\u00bb\u00a0Lavariano (UD), Italia<\/li>\n<li>\u00abGodba rudarjev in keramikov\u00bb\u00a0Liboje, Slovenia<\/li>\n<li>\u00abTrachtenkapelle Wetzelsdorf\u00bb\u00a0Graz, Austria<\/li>\n<\/ul>\n<p><strong>08.-09.05.1993.<\/strong><\/p>\n<ul>\n<li>Filarmonica \u00abGiuseppe Verdi\u00bb\u00a0Lavariano (UD), Italia<\/li>\n<li>\u00abGodba rudarjev in keramikov\u00bb\u00a0Liboje, Slovenia<\/li>\n<li>\u00abTrachtenkapelle Wetzelsdorf\u00bb\u00a0Graz, Austria<\/li>\n<\/ul>\n<p><strong>03.-05.05.1991.<\/strong><\/p>\n<ul>\n<li>Filarmonica \u00abGiuseppe Verdi\u00bb\u00a0Lavariano (UD), Italia<\/li>\n<\/ul>\n","protected":false},"excerpt":{"rendered":"<p>Sudionici Me\u0111unarodnog festivala puha\u010dkih orkestara po godinama: 04.-06.05.2012. Balatonf\u00fcredi Koncert f\u00fav\u00f3s zenekar, Hungary Pihalni orkester Marezige, Slovenia Olek orkestar - Janow Lubelski, Poland 06.-08.05.2011. Banda Musicale\u00a0Citt\u00e0 di Staffolo, Italia K\u00f6szeg v\u00e1ros F\u00fav\u00f3zenekara, Hungary Pihalni orkester Kapele, Slovenia 07.-09.05.2010. M\u00f3rahalmi Alapfok\u00fa M\u0171v\u00e9szeti Iskola F\u00fav\u00f3szenekara, Hungary Associazione filarmonica\u00a0Coneglianese, Italia Pihalni orkester Tr\u017ei\u010d, Slovenia 01.-03.05.2009. Filarmonica \u00abGiuseppe Verdi\u00bb\u00a0- <a class=\"read-more\" href=\"http:\/\/www.pol.hr\/index.php\/prosla-izdanja\">...continue reading <span class=\"meta-nav\">&rarr;<\/span><\/a><\/p>\n","protected":false},"author":1,"featured_media":0,"parent":0,"menu_order":0,"comment_status":"closed","ping_status":"closed","template":"","meta":{"footnotes":""},"class_list":["post-43","page","type-page","status-publish","hentry"],"_links":{"self":[{"href":"http:\/\/www.pol.hr\/index.php\/wp-json\/wp\/v2\/pages\/43","targetHints":{"allow":["GET"]}}],"collection":[{"href":"http:\/\/www.pol.hr\/index.php\/wp-json\/wp\/v2\/pages"}],"about":[{"href":"http:\/\/www.pol.hr\/index.php\/wp-json\/wp\/v2\/types\/page"}],"author":[{"embeddable":true,"href":"http:\/\/www.pol.hr\/index.php\/wp-json\/wp\/v2\/users\/1"}],"replies":[{"embeddable":true,"href":"http:\/\/www.pol.hr\/index.php\/wp-json\/wp\/v2\/comments?post=43"}],"version-history":[{"count":2,"href":"http:\/\/www.pol.hr\/index.php\/wp-json\/wp\/v2\/pages\/43\/revisions"}],"predecessor-version":[{"id":78,"href":"http:\/\/www.pol.hr\/index.php\/wp-json\/wp\/v2\/pages\/43\/revisions\/78"}],"wp:attachment":[{"href":"http:\/\/www.pol.hr\/index.php\/wp-json\/wp\/v2\/media?parent=43"}],"curies":[{"name":"wp","href":"https:\/\/api.w.org\/{rel}","templated":true}]}}